{"id":3816,"date":"2020-12-08T16:47:49","date_gmt":"2020-12-08T16:47:49","guid":{"rendered":"https:\/\/telinvest.ba\/?page_id=3816"},"modified":"2022-05-08T02:46:30","modified_gmt":"2022-05-08T02:46:30","slug":"novosti","status":"publish","type":"page","link":"https:\/\/kozica.ba\/en\/novosti\/","title":{"rendered":"Blog"},"content":{"rendered":"<div data-elementor-type=\"wp-page\" data-elementor-id=\"3816\" class=\"elementor elementor-3816\">\n\t\t\t\t\t\t<section class=\"elementor-section elementor-top-section elementor-element elementor-element-32b81ad elementor-section-full_width elementor-section-height-default elementor-section-height-default\" data-id=\"32b81ad\" data-element_type=\"section\" data-settings=\"{&quot;_ha_eqh_enable&quot;:false}\">\n\t\t\t\t\t\t<div class=\"elementor-container elementor-column-gap-no\">\n\t\t\t\t\t<div class=\"elementor-column elementor-col-100 elementor-top-column elementor-element elementor-element-d90e6c4\" data-id=\"d90e6c4\" data-element_type=\"column\">\n\t\t\t<div class=\"elementor-widget-wrap elementor-element-populated\">\n\t\t\t\t\t\t<div class=\"elementor-element elementor-element-ca18284 elementor-posts--align-left elementor-grid-3 elementor-grid-tablet-2 elementor-grid-mobile-1 elementor-posts--thumbnail-top elementor-card-shadow-yes elementor-posts__hover-gradient elementor-widget elementor-widget-posts\" data-id=\"ca18284\" data-element_type=\"widget\" data-settings=\"{&quot;cards_columns&quot;:&quot;3&quot;,&quot;cards_columns_tablet&quot;:&quot;2&quot;,&quot;cards_columns_mobile&quot;:&quot;1&quot;,&quot;cards_row_gap&quot;:{&quot;unit&quot;:&quot;px&quot;,&quot;size&quot;:35,&quot;sizes&quot;:[]},&quot;cards_row_gap_tablet&quot;:{&quot;unit&quot;:&quot;px&quot;,&quot;size&quot;:&quot;&quot;,&quot;sizes&quot;:[]},&quot;cards_row_gap_mobile&quot;:{&quot;unit&quot;:&quot;px&quot;,&quot;size&quot;:&quot;&quot;,&quot;sizes&quot;:[]}}\" data-widget_type=\"posts.cards\">\n\t\t\t\t<div class=\"elementor-widget-container\">\n\t\t\t<link rel=\"stylesheet\" href=\"https:\/\/kozica.ba\/wp-content\/plugins\/elementor-pro\/assets\/css\/widget-posts.min.css\">\t\t<div class=\"elementor-posts-container elementor-posts elementor-posts--skin-cards elementor-grid\">\r\n\t\t\t\t<article class=\"elementor-post elementor-grid-item post-4470 post type-post status-publish format-standard has-post-thumbnail hentry category-oblast-telekomunikacija\">\r\n\t\t\t<div class=\"elementor-post__card\">\r\n\t\t\t\t<a class=\"elementor-post__thumbnail__link\" href=\"https:\/\/kozica.ba\/en\/2020\/12\/23\/100-najvecih-u-bosni-i-hercegovini-2020-godina\/\" ><div class=\"elementor-post__thumbnail\"><img fetchpriority=\"high\" decoding=\"async\" width=\"183\" height=\"287\" src=\"https:\/\/kozica.ba\/wp-content\/uploads\/2020\/12\/slika.png\" class=\"attachment-full size-full wp-image-4471\" alt=\"\" srcset=\"https:\/\/kozica.ba\/wp-content\/uploads\/2020\/12\/slika.png 183w, https:\/\/kozica.ba\/wp-content\/uploads\/2020\/12\/slika-8x12.png 8w\" sizes=\"(max-width: 183px) 100vw, 183px\" \/><\/div><\/a>\r\n\t\t\t\t<div class=\"elementor-post__text\">\r\n\t\t\t\t<h1 class=\"elementor-post__title\">\r\n\t\t\t<a href=\"https:\/\/kozica.ba\/en\/2020\/12\/23\/100-najvecih-u-bosni-i-hercegovini-2020-godina\/\" >\r\n\t\t\t\t100 NAJVE\u0106IH U BOSNI I HERCEGOVINI ( 2020. godina )\t\t\t<\/a>\r\n\t\t<\/h1>\r\n\t\t\t\t<div class=\"elementor-post__excerpt\">\r\n\t\t\t<p>1. mjesto u djelatnosti po prihodu<\/p>\n\t\t<\/div>\r\n\t\t\t\t<\/div>\r\n\t\t\t\t\t<\/div>\r\n\t\t<\/article>\r\n\t\t\t\t<article class=\"elementor-post elementor-grid-item post-3249 post type-post status-publish format-standard has-post-thumbnail hentry category-apartmani\">\r\n\t\t\t<div class=\"elementor-post__card\">\r\n\t\t\t\t<a class=\"elementor-post__thumbnail__link\" href=\"https:\/\/kozica.ba\/en\/2020\/11\/24\/telinvest-ce-raditi-i-za-ericsson-nikola-tesla-iz-zagreba\/\" ><div class=\"elementor-post__thumbnail\"><img decoding=\"async\" width=\"1024\" height=\"567\" src=\"https:\/\/kozica.ba\/wp-content\/uploads\/2020\/11\/Telinvest-apartmani-Bjelasnica-maketa-1024x567-1.jpg\" class=\"attachment-full size-full wp-image-4148\" alt=\"\" srcset=\"https:\/\/kozica.ba\/wp-content\/uploads\/2020\/11\/Telinvest-apartmani-Bjelasnica-maketa-1024x567-1.jpg 1024w, https:\/\/kozica.ba\/wp-content\/uploads\/2020\/11\/Telinvest-apartmani-Bjelasnica-maketa-1024x567-1-300x166.jpg 300w, https:\/\/kozica.ba\/wp-content\/uploads\/2020\/11\/Telinvest-apartmani-Bjelasnica-maketa-1024x567-1-768x425.jpg 768w, https:\/\/kozica.ba\/wp-content\/uploads\/2020\/11\/Telinvest-apartmani-Bjelasnica-maketa-1024x567-1-16x9.jpg 16w\" sizes=\"(max-width: 1024px) 100vw, 1024px\" \/><\/div><\/a>\r\n\t\t\t\t<div class=\"elementor-post__text\">\r\n\t\t\t\t<h1 class=\"elementor-post__title\">\r\n\t\t\t<a href=\"https:\/\/kozica.ba\/en\/2020\/11\/24\/telinvest-ce-raditi-i-za-ericsson-nikola-tesla-iz-zagreba\/\" >\r\n\t\t\t\tTELINVEST \u0106E RADITI I ZA ERICSSON NIKOLA TESLA IZ ZAGREBA\t\t\t<\/a>\r\n\t\t<\/h1>\r\n\t\t\t\t<div class=\"elementor-post__excerpt\">\r\n\t\t\t<p>KOMPANIJA TELINVEST IZ SARAJEVA ZADR\u017dALA JE U PRO\u0160LOJ GODINI OBIM POSLOVANJA NA NIVOU IZ 2018. GODINE A, PORED REDOVNIH POSLOVA IZ OSNOVNE DJELATNOSTI, PO\u010cELI SU<\/p>\n\t\t<\/div>\r\n\t\t\t\t<\/div>\r\n\t\t\t\t\t<\/div>\r\n\t\t<\/article>\r\n\t\t\t\t<article class=\"elementor-post elementor-grid-item post-3245 post type-post status-publish format-standard has-post-thumbnail hentry category-uncategorized\">\r\n\t\t\t<div class=\"elementor-post__card\">\r\n\t\t\t\t<a class=\"elementor-post__thumbnail__link\" href=\"https:\/\/kozica.ba\/en\/2020\/11\/24\/poslovni-susret-bonitetno-izvrsnih-kompanija-kantona-sarajevo\/\" ><div class=\"elementor-post__thumbnail\"><img decoding=\"async\" width=\"2048\" height=\"874\" src=\"https:\/\/kozica.ba\/wp-content\/uploads\/2020\/11\/aaa-logo-2048x874-1.png\" class=\"attachment-full size-full wp-image-4146\" alt=\"\" srcset=\"https:\/\/kozica.ba\/wp-content\/uploads\/2020\/11\/aaa-logo-2048x874-1.png 2048w, https:\/\/kozica.ba\/wp-content\/uploads\/2020\/11\/aaa-logo-2048x874-1-300x128.png 300w, https:\/\/kozica.ba\/wp-content\/uploads\/2020\/11\/aaa-logo-2048x874-1-1024x437.png 1024w, https:\/\/kozica.ba\/wp-content\/uploads\/2020\/11\/aaa-logo-2048x874-1-768x328.png 768w\" sizes=\"(max-width: 2048px) 100vw, 2048px\" \/><\/div><\/a>\r\n\t\t\t\t<div class=\"elementor-post__text\">\r\n\t\t\t\t<h1 class=\"elementor-post__title\">\r\n\t\t\t<a href=\"https:\/\/kozica.ba\/en\/2020\/11\/24\/poslovni-susret-bonitetno-izvrsnih-kompanija-kantona-sarajevo\/\" >\r\n\t\t\t\tPoslovni susret bonitetno izvrsnih kompanija kantona Sarajevo\t\t\t<\/a>\r\n\t\t<\/h1>\r\n\t\t\t\t<div class=\"elementor-post__excerpt\">\r\n\t\t\t<p>U \u010detvrtak, 03. 10. je u Hotelu Europa u Sarajevu 26. kompanija preuzelo certifikat bonitetne izvrsnosti, me\u0111unarodno priznanje za kvalitet poslovanja. Susret bonitetno izvrsnih kompanija<\/p>\n\t\t<\/div>\r\n\t\t\t\t<\/div>\r\n\t\t\t\t\t<\/div>\r\n\t\t<\/article>\r\n\t\t\t\t<article class=\"elementor-post elementor-grid-item post-3240 post type-post status-publish format-standard has-post-thumbnail hentry category-apartmani\">\r\n\t\t\t<div class=\"elementor-post__card\">\r\n\t\t\t\t<a class=\"elementor-post__thumbnail__link\" href=\"https:\/\/kozica.ba\/en\/2020\/11\/24\/telinvest-d-o-o-investira-u-stanogradnju-kao-najisplativiji-biznis-u-bih\/\" ><div class=\"elementor-post__thumbnail\"><img loading=\"lazy\" decoding=\"async\" width=\"1024\" height=\"640\" src=\"https:\/\/kozica.ba\/wp-content\/uploads\/2020\/11\/Suad-Hasanbegovic4-1-1024x640-1.jpg\" class=\"attachment-full size-full wp-image-4144\" alt=\"\" srcset=\"https:\/\/kozica.ba\/wp-content\/uploads\/2020\/11\/Suad-Hasanbegovic4-1-1024x640-1.jpg 1024w, https:\/\/kozica.ba\/wp-content\/uploads\/2020\/11\/Suad-Hasanbegovic4-1-1024x640-1-300x188.jpg 300w, https:\/\/kozica.ba\/wp-content\/uploads\/2020\/11\/Suad-Hasanbegovic4-1-1024x640-1-768x480.jpg 768w, https:\/\/kozica.ba\/wp-content\/uploads\/2020\/11\/Suad-Hasanbegovic4-1-1024x640-1-16x10.jpg 16w\" sizes=\"(max-width: 1024px) 100vw, 1024px\" \/><\/div><\/a>\r\n\t\t\t\t<div class=\"elementor-post__text\">\r\n\t\t\t\t<h1 class=\"elementor-post__title\">\r\n\t\t\t<a href=\"https:\/\/kozica.ba\/en\/2020\/11\/24\/telinvest-d-o-o-investira-u-stanogradnju-kao-najisplativiji-biznis-u-bih\/\" >\r\n\t\t\t\tTelinvest d.o.o. investira u stanogradnju kao najisplativiji biznis u BiH\t\t\t<\/a>\r\n\t\t<\/h1>\r\n\t\t\t\t<div class=\"elementor-post__excerpt\">\r\n\t\t\t<p>Lider na poslovima in\u017eenjeringa u oblasti telekomunikacija u BiH, kompanija Telinvest d.o.o. Sarajevo, u 2019. godini zapo\u010dela je kapitalni projekt izgradnje apartmanskog objekta u Babinom<\/p>\n\t\t<\/div>\r\n\t\t\t\t<\/div>\r\n\t\t\t\t\t<\/div>\r\n\t\t<\/article>\r\n\t\t\t\t<article class=\"elementor-post elementor-grid-item post-3236 post type-post status-publish format-standard has-post-thumbnail hentry category-oblast-telekomunikacija\">\r\n\t\t\t<div class=\"elementor-post__card\">\r\n\t\t\t\t<a class=\"elementor-post__thumbnail__link\" href=\"https:\/\/kozica.ba\/en\/2020\/11\/24\/telinvest-izlazi-na-trziste-eu-u-2019\/\" ><div class=\"elementor-post__thumbnail\"><img loading=\"lazy\" decoding=\"async\" width=\"1024\" height=\"640\" src=\"https:\/\/kozica.ba\/wp-content\/uploads\/2020\/11\/Suad-Hasanbegovic-crop-1024x640-1.jpg\" class=\"attachment-full size-full wp-image-4142\" alt=\"\" srcset=\"https:\/\/kozica.ba\/wp-content\/uploads\/2020\/11\/Suad-Hasanbegovic-crop-1024x640-1.jpg 1024w, https:\/\/kozica.ba\/wp-content\/uploads\/2020\/11\/Suad-Hasanbegovic-crop-1024x640-1-300x188.jpg 300w, https:\/\/kozica.ba\/wp-content\/uploads\/2020\/11\/Suad-Hasanbegovic-crop-1024x640-1-768x480.jpg 768w, https:\/\/kozica.ba\/wp-content\/uploads\/2020\/11\/Suad-Hasanbegovic-crop-1024x640-1-16x10.jpg 16w\" sizes=\"(max-width: 1024px) 100vw, 1024px\" \/><\/div><\/a>\r\n\t\t\t\t<div class=\"elementor-post__text\">\r\n\t\t\t\t<h1 class=\"elementor-post__title\">\r\n\t\t\t<a href=\"https:\/\/kozica.ba\/en\/2020\/11\/24\/telinvest-izlazi-na-trziste-eu-u-2019\/\" >\r\n\t\t\t\tTelinvest izlazi na tr\u017ei\u0161te EU u 2019.\t\t\t<\/a>\r\n\t\t<\/h1>\r\n\t\t\t\t<div class=\"elementor-post__excerpt\">\r\n\t\t\t<p>Vi\u0161e od dvije decenije tradicije, iskustva, znanja i profesionalnog odnosa u projektovanju, proizvodnji i izvo\u0111enju radova u oblasti telekomunikacija stoji iza kompanije Telinvest d. o.<\/p>\n\t\t<\/div>\r\n\t\t\t\t<\/div>\r\n\t\t\t\t\t<\/div>\r\n\t\t<\/article>\r\n\t\t\t\t<article class=\"elementor-post elementor-grid-item post-3232 post type-post status-publish format-standard has-post-thumbnail hentry category-uncategorized\">\r\n\t\t\t<div class=\"elementor-post__card\">\r\n\t\t\t\t<a class=\"elementor-post__thumbnail__link\" href=\"https:\/\/kozica.ba\/en\/2020\/11\/24\/brzorastuca-kompanija-za-2018-godinu\/\" ><div class=\"elementor-post__thumbnail\"><img loading=\"lazy\" decoding=\"async\" width=\"521\" height=\"936\" src=\"https:\/\/kozica.ba\/wp-content\/uploads\/2020\/11\/elektronska-markica-BRK-2018-telinvest.jpg\" class=\"attachment-full size-full wp-image-4140\" alt=\"\" srcset=\"https:\/\/kozica.ba\/wp-content\/uploads\/2020\/11\/elektronska-markica-BRK-2018-telinvest.jpg 521w, https:\/\/kozica.ba\/wp-content\/uploads\/2020\/11\/elektronska-markica-BRK-2018-telinvest-167x300.jpg 167w, https:\/\/kozica.ba\/wp-content\/uploads\/2020\/11\/elektronska-markica-BRK-2018-telinvest-7x12.jpg 7w\" sizes=\"(max-width: 521px) 100vw, 521px\" \/><\/div><\/a>\r\n\t\t\t\t<div class=\"elementor-post__text\">\r\n\t\t\t\t<h1 class=\"elementor-post__title\">\r\n\t\t\t<a href=\"https:\/\/kozica.ba\/en\/2020\/11\/24\/brzorastuca-kompanija-za-2018-godinu\/\" >\r\n\t\t\t\tBrzorastu\u0107a kompanija za 2018 godinu\t\t\t<\/a>\r\n\t\t<\/h1>\r\n\t\t\t\t<div class=\"elementor-post__excerpt\">\r\n\t\t\t<p>Firma TELINVEST d.o.o. Sarajevo je pouzdani partner za uspje\u0161nu poslovnu saradnju na poslovima in\u017eenjeringa iz oblasti telekomunikacija. Vi\u0161e od jedne decenije tradicije i iskustva, znanja<\/p>\n\t\t<\/div>\r\n\t\t\t\t<\/div>\r\n\t\t\t\t\t<\/div>\r\n\t\t<\/article>\r\n\t\t\t\t<\/div>\r\n\r\n\r\n\t\t\r\n\t\t\t\t<\/div>\n\t\t\t\t<\/div>\n\t\t\t\t\t<\/div>\n\t\t<\/div>\n\t\t\t\t\t<\/div>\n\t\t<\/section>\n\t\t\t\t<\/div>","protected":false},"excerpt":{"rendered":"","protected":false},"author":1,"featured_media":0,"parent":0,"menu_order":0,"comment_status":"closed","ping_status":"closed","template":"elementor_header_footer","meta":{"_acf_changed":false,"footnotes":""},"acf":[],"_links":{"self":[{"href":"https:\/\/kozica.ba\/en\/wp-json\/wp\/v2\/pages\/3816"}],"collection":[{"href":"https:\/\/kozica.ba\/en\/wp-json\/wp\/v2\/pages"}],"about":[{"href":"https:\/\/kozica.ba\/en\/wp-json\/wp\/v2\/types\/page"}],"author":[{"embeddable":true,"href":"https:\/\/kozica.ba\/en\/wp-json\/wp\/v2\/users\/1"}],"replies":[{"embeddable":true,"href":"https:\/\/kozica.ba\/en\/wp-json\/wp\/v2\/comments?post=3816"}],"version-history":[{"count":19,"href":"https:\/\/kozica.ba\/en\/wp-json\/wp\/v2\/pages\/3816\/revisions"}],"predecessor-version":[{"id":4682,"href":"https:\/\/kozica.ba\/en\/wp-json\/wp\/v2\/pages\/3816\/revisions\/4682"}],"wp:attachment":[{"href":"https:\/\/kozica.ba\/en\/wp-json\/wp\/v2\/media?parent=3816"}],"curies":[{"name":"wp","href":"https:\/\/api.w.org\/{rel}","templated":true}]}}